{"id":494,"date":"2020-08-04T12:46:33","date_gmt":"2020-08-04T16:46:33","guid":{"rendered":"https:\/\/golfhemmingford.com\/?page_id=494"},"modified":"2026-04-21T15:02:29","modified_gmt":"2026-04-21T19:02:29","slug":"the-shop","status":"publish","type":"page","link":"https:\/\/golfhemmingford.com\/en\/the-shop\/","title":{"rendered":"The shop"},"content":{"rendered":"<div class=\"wpb-content-wrapper\">[vc_row el_class=&#8221;page-headers&#8221;][vc_column][vc_column_text el_class=&#8221;titres&#8221;]\n<h1 style=\"text-align: center;\">The shop<\/h1>\n[\/vc_column_text][vc_column_text el_class=&#8221;sous-titres&#8221;]\n<p style=\"text-align: center;\">The newest products on the golfing market<\/p>\n[\/vc_column_text][\/vc_column][\/vc_row][vc_row el_class=&#8221;boutique-section&#8221;][vc_column][vc_row_inner][vc_column_inner width=&#8221;7\/12&#8243;][vc_column_text]\n<h1>Boutique<\/h1>\n<h3>We have the trendiest top quality clothing and equipment available!<\/h3>\n[\/vc_column_text][vc_column_text]\n<p class=\"p1\">Our store contains the most current collections of Greg Norman clothing and Foot Joy shoes for men and women. Browse our shop to perfect your look, or to fill in last minute needs. You can also buy items bearing our Club\u2019s logo to remind you of your wonderful stay with us!<\/p>\n<p class=\"p1\">Our repair shop staff will help you to upkeep your equipment by changing the golf grips when necessary.<\/p>\n<p class=\"p1\">Come see for yourself: we are often <span class=\"s1\">less expensive <\/span>than most golf retailers.<\/p>\n[\/vc_column_text][vc_column_text el_class=&#8221;spacer&#8221;]\n<h3>Opening hours<\/h3>\n[\/vc_column_text][vc_column_text css=&#8221;&#8221;]THE SHOP IS OPEN FOR 2025![\/vc_column_text][vc_column_text el_class=&#8221;spacer&#8221;]\n<h3>Contact information<\/h3>\n[\/vc_column_text][vc_column_text css=&#8221;&#8221;](450) 247-0000 ext. 233<br \/>\n<a href=\"mailto:boutique@golfhemmingford.com\">boutique@golfhemmingford.com<\/a><\/p>\n<p>Fernand Lalande<br \/>\nDesignated Professional CPGA[\/vc_column_text][\/vc_column_inner][vc_column_inner width=&#8221;5\/12&#8243;][vc_single_image image=&#8221;418&#8243; img_size=&#8221;full&#8221; css_animation=&#8221;fadeInRight&#8221;][vc_single_image image=&#8221;420&#8243; img_size=&#8221;full&#8221; css_animation=&#8221;fadeInRight&#8221;][vc_single_image image=&#8221;419&#8243; img_size=&#8221;full&#8221; css_animation=&#8221;fadeInRight&#8221;][\/vc_column_inner][\/vc_row_inner][\/vc_column][\/vc_row][vc_row el_id=&#8221;academie&#8221;][vc_column][vc_column_text el_class=&#8221;titres journaliere&#8221;]\n<h1 style=\"text-align: center;\">Academy<\/h1>\n<p style=\"text-align: center;\">Teacher : Fernand Lalande<\/p>\n<p style=\"text-align: center;\">Member of the PGA of Canada, I specialize in passing on my knowledge so that it is accessible to all. Whether you are a junior, beginner, advanced or competitor, I will help you understand the swing and the game of golf, which will help you improve and enjoy your game more!<\/p>\n[\/vc_column_text][\/vc_column][\/vc_row][vc_row equal_height=&#8221;yes&#8221; content_placement=&#8221;middle&#8221; el_class=&#8221;tarifs-section cours-section&#8221;][vc_column el_class=&#8221;boite-grise&#8221;][vc_column_text el_class=&#8221;titres journaliere&#8221;]\n<h3 style=\"text-align: center;\">Prices<\/h3>\n[\/vc_column_text][vc_column_text el_class=&#8221;detail&#8221;]\n<p style=\"text-align: center;\">Taxes included, Range balls not included.<br \/>\nFernand Lalande <a href=\"tel:5149271121\">514-927-1121<\/a><\/p>\n[\/vc_column_text][vc_column_text el_class=&#8221;sous-titres&#8221;]<strong>Private<\/strong>[\/vc_column_text][vc_row_inner][vc_column_inner el_class=&#8221;description&#8221; width=&#8221;2\/3&#8243;][vc_column_text]1 class of 50 min.<\/p>\n<p>4 courses of 50 min.[\/vc_column_text][\/vc_column_inner][vc_column_inner el_class=&#8221;prix&#8221; width=&#8221;1\/3&#8243;][vc_column_text]\n<p style=\"text-align: right;\"><strong>$70<\/strong><\/p>\n<p style=\"text-align: right;\"><strong>$240<\/strong><\/p>\n[\/vc_column_text][\/vc_column_inner][\/vc_row_inner][vc_column_text el_class=&#8221;sous-titres&#8221;]<strong>2 persons<\/strong>[\/vc_column_text][vc_row_inner][vc_column_inner el_class=&#8221;description&#8221; width=&#8221;2\/3&#8243;][vc_column_text]1 class of 1 hour<\/p>\n<p>4 classes of 1 hour[\/vc_column_text][\/vc_column_inner][vc_column_inner el_class=&#8221;prix&#8221; width=&#8221;1\/3&#8243;][vc_column_text]\n<p style=\"text-align: right;\"><strong>$60\/pers.<\/strong><\/p>\n<p style=\"text-align: right;\"><strong>$200\/pers.<\/strong><\/p>\n[\/vc_column_text][\/vc_column_inner][\/vc_row_inner][vc_column_text el_class=&#8221;sous-titres&#8221;]<strong>3 personnes<\/strong>[\/vc_column_text][vc_row_inner][vc_column_inner el_class=&#8221;description&#8221; width=&#8221;2\/3&#8243;][vc_column_text]1 class of 1 hour<\/p>\n<p>4 classes of 1 hour[\/vc_column_text][\/vc_column_inner][vc_column_inner el_class=&#8221;prix&#8221; width=&#8221;1\/3&#8243;][vc_column_text]\n<p style=\"text-align: right;\"><strong>$50\/pers.<\/strong><\/p>\n<p style=\"text-align: right;\"><strong>$160\/pers.<\/strong><\/p>\n[\/vc_column_text][\/vc_column_inner][\/vc_row_inner][vc_column_text el_class=&#8221;sous-titres&#8221;]<strong>4 personnes<\/strong>[\/vc_column_text][vc_row_inner][vc_column_inner el_class=&#8221;description&#8221; width=&#8221;2\/3&#8243;][vc_column_text]1 class of 1 hour<\/p>\n<p>4 classes of 1 hour[\/vc_column_text][\/vc_column_inner][vc_column_inner el_class=&#8221;prix&#8221; width=&#8221;1\/3&#8243;][vc_column_text]\n<p style=\"text-align: right;\"><strong>$40\/pers.<\/strong><\/p>\n<p style=\"text-align: right;\"><strong>$120\/pers.<\/strong><\/p>\n[\/vc_column_text][\/vc_column_inner][\/vc_row_inner][\/vc_column][\/vc_row][vc_section el_class=&#8221;section-dames&#8221;][vc_row][vc_column][vc_column_text css=&#8221;&#8221;]\n<h1 style=\"text-align: center;\">Mondays for ladies<\/h1>\n<p style=\"text-align: center;\">Fun from initiation to perfection.<\/p>\n[\/vc_column_text][vc_row_inner][vc_column_inner width=&#8221;1\/2&#8243;][vc_column_text css=&#8221;&#8221;]<strong>Teacher<\/strong><br \/>\nFernand Lalande, Head Professional at Hemmingford Golf Club, member of the PGA of Canada<\/p>\n<p><strong>When<\/strong><br \/>\nRegistration now open<br \/>\nFour Mondays, from June 1 to June 22, 2026<\/p>\n<p><strong>Course<\/strong><br \/>\nFour golf lessons<br \/>\n+ Possibility of playing a 9-hole round and dinner on Wednesday, July 1st (optional $) with small supervised practice included.<\/p>\n<p><strong>Form<\/strong><br \/>\nGroup lessons, customized to your level, maximum 10 people<br \/>\nminimum 6.[\/vc_column_text][\/vc_column_inner][vc_column_inner width=&#8221;1\/2&#8243;][vc_column_text css=&#8221;&#8221;]<strong>Hours<\/strong><br \/>\nMondays: 3pm and 6:30pm<\/p>\n<p><strong>Duration<\/strong><br \/>\n1h30<\/p>\n<p><strong>Price<\/strong><br \/>\n100$, balls not included<\/p>\n<p><strong>Contents<\/strong><br \/>\nTeaching and review of basic techniques.<br \/>\nSupervised exercises<br \/>\nEtiquette instruction.<br \/>\nLaughter and good humor guaranteed<\/p>\n<p><strong>Registration<\/strong><br \/>\nFernand Lalande : <a href=\"mailto:boutique@golfhemmingford.com\">boutique@golfhemmingford.com<\/a><\/p>\n<p><strong>Info<\/strong><br \/>\nFernand Lalande 450-247-0000 ext. 234 or 233[\/vc_column_text][\/vc_column_inner][\/vc_row_inner][\/vc_column][\/vc_row][\/vc_section][vc_section full_width=&#8221;stretch_row&#8221; el_class=&#8221;section-clinique&#8221; el_id=&#8221;clinique&#8221;][vc_row full_width=&#8221;stretch_row&#8221; equal_height=&#8221;yes&#8221;][vc_column width=&#8221;1\/2&#8243;][vc_column_text css=&#8221;&#8221;]\n<h1>Junior Clinic<\/h1>\n<p><strong>Teacher: Fernand Lalande<\/strong><br \/>\n<strong>Member of the PGA of Canada<\/strong><\/p>\n<h3>Introduction to golf<\/h3>\n<ul>\n<li>5 Saturdays from July 4 to July 24<\/li>\n<li>Duration 1 hour<\/li>\n<li>Children aged 6 to 13 from 11:30 a.m. to 12:30 p.m.<\/li>\n<li>Minimum 5 children maximum 7<\/li>\n<\/ul>\n<p>$100 per child plus taxes, range balls included.<\/p>\n<p>For registration or questions, contact us at <a href=\"mailto:boutique@golfhemmingford.com\">boutique@golfhemmingford.com<\/a> OR call Fernand Lalande 450-247-0000 poste 234 or 233[\/vc_column_text][\/vc_column][vc_column width=&#8221;1\/2&#8243;][vc_single_image image=&#8221;2739&#8243; img_size=&#8221;full&#8221;][\/vc_column][\/vc_row][\/vc_section][vc_section el_class=&#8221;section-demo&#8221; el_id=&#8221;demo&#8221;][vc_row equal_height=&#8221;yes&#8221; content_placement=&#8221;middle&#8221;][vc_column width=&#8221;1\/2&#8243; el_class=&#8221;vc_col-sm-push-6&#8243;][vc_column_text]\n<h1>Demo Day<\/h1>\n<p>Cobra, Callaway, Taylor Made, Cleveland, Srixon, Titliest<\/p>\n<p>Dates to be announced soon!<\/p>\n<p>Space is limited, reserve space at your preferred demo days now at <a href=\"mailto:boutique@golfhemmingford.com\">boutique@golfhemmingford.com<\/a>[\/vc_column_text][\/vc_column][vc_column width=&#8221;1\/2&#8243; el_class=&#8221;vc_col-sm-pull-6&#8243;][vc_single_image image=&#8221;2694&#8243; img_size=&#8221;full&#8221;][\/vc_column][\/vc_row][\/vc_section][vc_row full_width=&#8221;stretch_row_content_no_spaces&#8221; el_class=&#8221;pre-footer-section&#8221; css=&#8221;.vc_custom_1597158733450{background-image: url(https:\/\/golfhemmingford.com\/wp-content\/uploads\/2020\/08\/footer-bg.jpg?id=110) !important;background-position: center !important;background-repeat: no-repeat !important;background-size: cover !important;}&#8221;][vc_column][vc_row_inner el_class=&#8221;cta-section&#8221;][vc_column_inner][\/vc_column_inner][\/vc_row_inner][\/vc_column][\/vc_row]\n<\/div>","protected":false},"excerpt":{"rendered":"<p>[vc_row el_class=&#8221;page-headers&#8221;][vc_column][vc_column_text el_class=&#8221;titres&#8221;] The shop [\/vc_column_text][vc_column_text el_class=&#8221;sous-titres&#8221;] The newest products on the golfing market [\/vc_column_text][\/vc_column][\/vc_row][vc_row el_class=&#8221;boutique-section&#8221;][vc_column][vc_row_inner][vc_column_inner width=&#8221;7\/12&#8243;][vc_column_text] Boutique We have the trendiest top quality clothing and equipment available! [\/vc_column_text][vc_column_text] Our store contains the most current collections of Greg Norman clothing and Foot Joy shoes for men and women. Browse our shop to perfect your look, or to fill in last &#8230;<\/p>\n","protected":false},"author":4,"featured_media":0,"parent":0,"menu_order":0,"comment_status":"closed","ping_status":"closed","template":"template-blank-1.php","meta":{"_monsterinsights_skip_tracking":false,"_monsterinsights_sitenote_active":false,"_monsterinsights_sitenote_note":"","_monsterinsights_sitenote_category":0,"footnotes":""},"class_list":["post-494","page","type-page","status-publish","hentry","no-post-thumbnail"],"yoast_head":"<!-- This site is optimized with the Yoast SEO plugin v27.2 - https:\/\/yoast.com\/product\/yoast-seo-wordpress\/ -->\n<title>The shop - Golf Hemmingford<\/title>\n<meta name=\"description\" content=\"Des v\u00eatements et \u00e9quipements \u00e0 la fine pointe de la technologie tel les plus r\u00e9centes collections de v\u00eatements Greg Norman et de souliers Foot Joy pour hommes et femmes.\" \/>\n<meta name=\"robots\" content=\"index, follow, max-snippet:-1, max-image-preview:large, max-video-preview:-1\" \/>\n<link rel=\"canonical\" href=\"https:\/\/golfhemmingford.com\/en\/the-shop\/\" \/>\n<meta property=\"og:locale\" content=\"en_US\" \/>\n<meta property=\"og:type\" content=\"article\" \/>\n<meta property=\"og:title\" content=\"The shop - Golf Hemmingford\" \/>\n<meta property=\"og:description\" content=\"Des v\u00eatements et \u00e9quipements \u00e0 la fine pointe de la technologie tel les plus r\u00e9centes collections de v\u00eatements Greg Norman et de souliers Foot Joy pour hommes et femmes.\" \/>\n<meta property=\"og:url\" content=\"https:\/\/golfhemmingford.com\/en\/the-shop\/\" \/>\n<meta property=\"og:site_name\" content=\"Golf Hemmingford\" \/>\n<meta property=\"article:modified_time\" content=\"2026-04-21T19:02:29+00:00\" \/>\n<meta name=\"twitter:card\" content=\"summary_large_image\" \/>\n<script type=\"application\/ld+json\" class=\"yoast-schema-graph\">{\"@context\":\"https:\/\/schema.org\",\"@graph\":[{\"@type\":\"WebPage\",\"@id\":\"https:\/\/golfhemmingford.com\/en\/the-shop\/\",\"url\":\"https:\/\/golfhemmingford.com\/en\/the-shop\/\",\"name\":\"The shop - Golf Hemmingford\",\"isPartOf\":{\"@id\":\"https:\/\/floralwhite-buffalo-336814.hostingersite.com\/#website\"},\"datePublished\":\"2020-08-04T16:46:33+00:00\",\"dateModified\":\"2026-04-21T19:02:29+00:00\",\"description\":\"Des v\u00eatements et \u00e9quipements \u00e0 la fine pointe de la technologie tel les plus r\u00e9centes collections de v\u00eatements Greg Norman et de souliers Foot Joy pour hommes et femmes.\",\"breadcrumb\":{\"@id\":\"https:\/\/golfhemmingford.com\/en\/the-shop\/#breadcrumb\"},\"inLanguage\":\"en-US\",\"potentialAction\":[{\"@type\":\"ReadAction\",\"target\":[\"https:\/\/golfhemmingford.com\/en\/the-shop\/\"]}]},{\"@type\":\"BreadcrumbList\",\"@id\":\"https:\/\/golfhemmingford.com\/en\/the-shop\/#breadcrumb\",\"itemListElement\":[{\"@type\":\"ListItem\",\"position\":1,\"name\":\"Accueil\",\"item\":\"https:\/\/golfhemmingford.com\/en\/\"},{\"@type\":\"ListItem\",\"position\":2,\"name\":\"The shop\"}]},{\"@type\":\"WebSite\",\"@id\":\"https:\/\/floralwhite-buffalo-336814.hostingersite.com\/#website\",\"url\":\"https:\/\/floralwhite-buffalo-336814.hostingersite.com\/\",\"name\":\"Golf Hemmingford\",\"description\":\"Une exp\u00e9rience de golf exceptionnelle\",\"potentialAction\":[{\"@type\":\"SearchAction\",\"target\":{\"@type\":\"EntryPoint\",\"urlTemplate\":\"https:\/\/floralwhite-buffalo-336814.hostingersite.com\/?s={search_term_string}\"},\"query-input\":{\"@type\":\"PropertyValueSpecification\",\"valueRequired\":true,\"valueName\":\"search_term_string\"}}],\"inLanguage\":\"en-US\"}]}<\/script>\n<!-- \/ Yoast SEO plugin. -->","yoast_head_json":{"title":"The shop - Golf Hemmingford","description":"Des v\u00eatements et \u00e9quipements \u00e0 la fine pointe de la technologie tel les plus r\u00e9centes collections de v\u00eatements Greg Norman et de souliers Foot Joy pour hommes et femmes.","robots":{"index":"index","follow":"follow","max-snippet":"max-snippet:-1","max-image-preview":"max-image-preview:large","max-video-preview":"max-video-preview:-1"},"canonical":"https:\/\/golfhemmingford.com\/en\/the-shop\/","og_locale":"en_US","og_type":"article","og_title":"The shop - Golf Hemmingford","og_description":"Des v\u00eatements et \u00e9quipements \u00e0 la fine pointe de la technologie tel les plus r\u00e9centes collections de v\u00eatements Greg Norman et de souliers Foot Joy pour hommes et femmes.","og_url":"https:\/\/golfhemmingford.com\/en\/the-shop\/","og_site_name":"Golf Hemmingford","article_modified_time":"2026-04-21T19:02:29+00:00","twitter_card":"summary_large_image","schema":{"@context":"https:\/\/schema.org","@graph":[{"@type":"WebPage","@id":"https:\/\/golfhemmingford.com\/en\/the-shop\/","url":"https:\/\/golfhemmingford.com\/en\/the-shop\/","name":"The shop - Golf Hemmingford","isPartOf":{"@id":"https:\/\/floralwhite-buffalo-336814.hostingersite.com\/#website"},"datePublished":"2020-08-04T16:46:33+00:00","dateModified":"2026-04-21T19:02:29+00:00","description":"Des v\u00eatements et \u00e9quipements \u00e0 la fine pointe de la technologie tel les plus r\u00e9centes collections de v\u00eatements Greg Norman et de souliers Foot Joy pour hommes et femmes.","breadcrumb":{"@id":"https:\/\/golfhemmingford.com\/en\/the-shop\/#breadcrumb"},"inLanguage":"en-US","potentialAction":[{"@type":"ReadAction","target":["https:\/\/golfhemmingford.com\/en\/the-shop\/"]}]},{"@type":"BreadcrumbList","@id":"https:\/\/golfhemmingford.com\/en\/the-shop\/#breadcrumb","itemListElement":[{"@type":"ListItem","position":1,"name":"Accueil","item":"https:\/\/golfhemmingford.com\/en\/"},{"@type":"ListItem","position":2,"name":"The shop"}]},{"@type":"WebSite","@id":"https:\/\/floralwhite-buffalo-336814.hostingersite.com\/#website","url":"https:\/\/floralwhite-buffalo-336814.hostingersite.com\/","name":"Golf Hemmingford","description":"Une exp\u00e9rience de golf exceptionnelle","potentialAction":[{"@type":"SearchAction","target":{"@type":"EntryPoint","urlTemplate":"https:\/\/floralwhite-buffalo-336814.hostingersite.com\/?s={search_term_string}"},"query-input":{"@type":"PropertyValueSpecification","valueRequired":true,"valueName":"search_term_string"}}],"inLanguage":"en-US"}]}},"_links":{"self":[{"href":"https:\/\/golfhemmingford.com\/en\/wp-json\/wp\/v2\/pages\/494","targetHints":{"allow":["GET"]}}],"collection":[{"href":"https:\/\/golfhemmingford.com\/en\/wp-json\/wp\/v2\/pages"}],"about":[{"href":"https:\/\/golfhemmingford.com\/en\/wp-json\/wp\/v2\/types\/page"}],"author":[{"embeddable":true,"href":"https:\/\/golfhemmingford.com\/en\/wp-json\/wp\/v2\/users\/4"}],"replies":[{"embeddable":true,"href":"https:\/\/golfhemmingford.com\/en\/wp-json\/wp\/v2\/comments?post=494"}],"version-history":[{"count":25,"href":"https:\/\/golfhemmingford.com\/en\/wp-json\/wp\/v2\/pages\/494\/revisions"}],"predecessor-version":[{"id":3409,"href":"https:\/\/golfhemmingford.com\/en\/wp-json\/wp\/v2\/pages\/494\/revisions\/3409"}],"wp:attachment":[{"href":"https:\/\/golfhemmingford.com\/en\/wp-json\/wp\/v2\/media?parent=494"}],"curies":[{"name":"wp","href":"https:\/\/api.w.org\/{rel}","templated":true}]}}